{"id":15,"date":"2013-04-24T15:15:34","date_gmt":"2013-04-24T13:15:34","guid":{"rendered":"http:\/\/lindhult.allweb.se\/?page_id=15"},"modified":"2014-11-16T18:14:49","modified_gmt":"2014-11-16T17:14:49","slug":"varfor-fiber","status":"publish","type":"page","link":"https:\/\/lindhult.allweb.se\/?page_id=15","title":{"rendered":"Varf\u00f6r fiber ?"},"content":{"rendered":"<p>&nbsp;<\/p>\n<h4>L\u00e5ngsiktig modern infrastruktur som ers\u00e4tter koppartr\u00e5den<\/h4>\n<h4>Mycket snabbare och \u00e4ven stabilare tillg\u00e5ng till internet<\/h4>\n<h4>TV med h\u00f6g kvalitet<\/h4>\n<h4>Telefoni<\/h4>\n<h4>Totala m\u00e5nadskostnaden f\u00f6r internet, TV och telefoni kan bli klart l\u00e4gre. Sj\u00e4lvklart beror det p\u00e5 hur du anv\u00e4nder dessa tj\u00e4nster och vilka l\u00f6sningar du har idag.<\/h4>\n<h4>Ingen str\u00e5lning eller oro f\u00f6r str\u00e5lning (j\u00e4mf\u00f6rt med mobilt bredband)<\/h4>\n<h4>Oberoende av v\u00e4der<\/h4>\n<h4>Fiberanslutning h\u00f6jer v\u00e4rdet p\u00e5 din fastighet<\/h4>\n<h4>M\u00e5nga km fiberslang har redan lagts ner av Varbergsortens Elkraft<\/h4>\n<p><a href=\"http:\/\/lindhult.allweb.se\/wp-content\/uploads\/2014\/03\/Kostnadsbed\u00f6mning.pdf\"><\/p>\n<h3><B>Grov kostnadsbed\u00f6mning fr\u00e5n informationsm\u00f6tet 12 nov 2013<\/h3>\n<p><\/B><\/a><\/p>\n","protected":false},"excerpt":{"rendered":"<p>&nbsp; L\u00e5ngsiktig modern infrastruktur som ers\u00e4tter koppartr\u00e5den Mycket snabbare och \u00e4ven stabilare tillg\u00e5ng till internet TV med h\u00f6g kvalitet Telefoni Totala m\u00e5nadskostnaden f\u00f6r internet, TV och telefoni kan bli klart l\u00e4gre. Sj\u00e4lvklart beror det p\u00e5 hur du anv\u00e4nder dessa tj\u00e4nster och vilka l\u00f6sningar du har idag. Ingen str\u00e5lning eller oro f\u00f6r str\u00e5lning (j\u00e4mf\u00f6rt med mobilt &hellip; <\/p>\n<p><a class=\"more-link btn\" href=\"https:\/\/lindhult.allweb.se\/?page_id=15\">Forts\u00e4tt l\u00e4sa<\/a><\/p>\n","protected":false},"author":1,"featured_media":0,"parent":0,"menu_order":5,"comment_status":"open","ping_status":"open","template":"","meta":{"jetpack_post_was_ever_published":false,"footnotes":""},"class_list":["post-15","page","type-page","status-publish","hentry","nodate","item-wrap"],"aioseo_notices":[],"jetpack_shortlink":"https:\/\/wp.me\/P3w6L3-f","jetpack_sharing_enabled":true,"_links":{"self":[{"href":"https:\/\/lindhult.allweb.se\/index.php?rest_route=\/wp\/v2\/pages\/15","targetHints":{"allow":["GET"]}}],"collection":[{"href":"https:\/\/lindhult.allweb.se\/index.php?rest_route=\/wp\/v2\/pages"}],"about":[{"href":"https:\/\/lindhult.allweb.se\/index.php?rest_route=\/wp\/v2\/types\/page"}],"author":[{"embeddable":true,"href":"https:\/\/lindhult.allweb.se\/index.php?rest_route=\/wp\/v2\/users\/1"}],"replies":[{"embeddable":true,"href":"https:\/\/lindhult.allweb.se\/index.php?rest_route=%2Fwp%2Fv2%2Fcomments&post=15"}],"version-history":[{"count":12,"href":"https:\/\/lindhult.allweb.se\/index.php?rest_route=\/wp\/v2\/pages\/15\/revisions"}],"predecessor-version":[{"id":515,"href":"https:\/\/lindhult.allweb.se\/index.php?rest_route=\/wp\/v2\/pages\/15\/revisions\/515"}],"wp:attachment":[{"href":"https:\/\/lindhult.allweb.se\/index.php?rest_route=%2Fwp%2Fv2%2Fmedia&parent=15"}],"curies":[{"name":"wp","href":"https:\/\/api.w.org\/{rel}","templated":true}]}}