{"id":1260,"date":"2022-06-30T07:40:48","date_gmt":"2022-06-30T05:40:48","guid":{"rendered":"http:\/\/lindhult.allweb.se\/?page_id=1260"},"modified":"2023-10-13T16:11:58","modified_gmt":"2023-10-13T14:11:58","slug":"kopa-tjanster","status":"publish","type":"page","link":"https:\/\/lindhult.allweb.se\/?page_id=1260","title":{"rendered":"K\u00f6pa tj\u00e4nster"},"content":{"rendered":"\n<p>F\u00f6reningen har Zitius som kommunikationsoperat\u00f6r och de har ett \u00f6ppet stadsn\u00e4t<br>som heter zmarket.<br>D\u00e4r finns alla deras tj\u00e4nsteleverant\u00f6rer och du kan k\u00f6pa tj\u00e4nster till din adress eller<br>ringer du tj\u00e4nsteleverant\u00f6ren.<\/p>\n\n\n\n<p><strong>Om du har gruppavtal<\/strong> kan du fr\u00e5n Telia k\u00f6pa till snabbare bredband 500\/500,<br>1000\/1000 eller st\u00f6rre TV-paket. Ring d\u00e5 020-202070 och tala om att du har<br>gruppavtal f\u00f6r att f\u00e5 ett bra pris.<\/p>\n","protected":false},"excerpt":{"rendered":"<p>F\u00f6reningen har Zitius som kommunikationsoperat\u00f6r och de har ett \u00f6ppet stadsn\u00e4tsom heter zmarket.D\u00e4r finns alla deras tj\u00e4nsteleverant\u00f6rer och du kan k\u00f6pa tj\u00e4nster till din adress ellerringer du tj\u00e4nsteleverant\u00f6ren. Om du har gruppavtal kan du fr\u00e5n Telia k\u00f6pa till snabbare bredband 500\/500,1000\/1000 eller st\u00f6rre TV-paket. Ring d\u00e5 020-202070 och tala om att du hargruppavtal f\u00f6r att &hellip; <\/p>\n<p><a class=\"more-link btn\" href=\"https:\/\/lindhult.allweb.se\/?page_id=1260\">Forts\u00e4tt l\u00e4sa<\/a><\/p>\n","protected":false},"author":1,"featured_media":0,"parent":0,"menu_order":3,"comment_status":"closed","ping_status":"closed","template":"","meta":{"jetpack_post_was_ever_published":false,"footnotes":""},"class_list":["post-1260","page","type-page","status-publish","hentry","nodate","item-wrap"],"aioseo_notices":[],"jetpack_shortlink":"https:\/\/wp.me\/P3w6L3-kk","jetpack_sharing_enabled":true,"_links":{"self":[{"href":"https:\/\/lindhult.allweb.se\/index.php?rest_route=\/wp\/v2\/pages\/1260","targetHints":{"allow":["GET"]}}],"collection":[{"href":"https:\/\/lindhult.allweb.se\/index.php?rest_route=\/wp\/v2\/pages"}],"about":[{"href":"https:\/\/lindhult.allweb.se\/index.php?rest_route=\/wp\/v2\/types\/page"}],"author":[{"embeddable":true,"href":"https:\/\/lindhult.allweb.se\/index.php?rest_route=\/wp\/v2\/users\/1"}],"replies":[{"embeddable":true,"href":"https:\/\/lindhult.allweb.se\/index.php?rest_route=%2Fwp%2Fv2%2Fcomments&post=1260"}],"version-history":[{"count":2,"href":"https:\/\/lindhult.allweb.se\/index.php?rest_route=\/wp\/v2\/pages\/1260\/revisions"}],"predecessor-version":[{"id":1359,"href":"https:\/\/lindhult.allweb.se\/index.php?rest_route=\/wp\/v2\/pages\/1260\/revisions\/1359"}],"wp:attachment":[{"href":"https:\/\/lindhult.allweb.se\/index.php?rest_route=%2Fwp%2Fv2%2Fmedia&parent=1260"}],"curies":[{"name":"wp","href":"https:\/\/api.w.org\/{rel}","templated":true}]}}